{"id":11,"date":"2020-04-26T12:01:45","date_gmt":"2020-04-26T10:01:45","guid":{"rendered":"https:\/\/la-meute.net\/?page_id=11"},"modified":"2026-04-03T18:42:51","modified_gmt":"2026-04-03T16:42:51","slug":"accueil","status":"publish","type":"page","link":"https:\/\/la-meute.net\/","title":{"rendered":"Accueil"},"content":{"rendered":"\t\t<div data-elementor-type=\"wp-page\" data-elementor-id=\"11\" class=\"elementor elementor-11\">\n\t\t\t\t\t\t<section class=\"elementor-section elementor-top-section elementor-element elementor-element-e9508c1 elementor-section-boxed elementor-section-height-default elementor-section-height-default\" data-id=\"e9508c1\" data-element_type=\"section\" data-e-type=\"section\">\n\t\t\t\t\t\t<div class=\"elementor-container elementor-column-gap-default\">\n\t\t\t\t\t<div class=\"elementor-column elementor-col-100 elementor-top-column elementor-element elementor-element-d583aff\" data-id=\"d583aff\" data-element_type=\"column\" data-e-type=\"column\">\n\t\t\t<div class=\"elementor-widget-wrap elementor-element-populated\">\n\t\t\t\t\t\t<div class=\"elementor-element elementor-element-d159577 elementor-widget elementor-widget-image\" data-id=\"d159577\" data-element_type=\"widget\" data-e-type=\"widget\" data-widget_type=\"image.default\">\n\t\t\t\t<div class=\"elementor-widget-container\">\n\t\t\t\t\t\t\t\t\t\t\t\t\t\t\t<img fetchpriority=\"high\" decoding=\"async\" width=\"1024\" height=\"683\" src=\"https:\/\/la-meute.net\/wp-content\/uploads\/2024\/10\/la-meute-officiel-david-bonnet-1024x683.jpg\" class=\"attachment-large size-large wp-image-1375\" alt=\"\" srcset=\"https:\/\/la-meute.net\/wp-content\/uploads\/2024\/10\/la-meute-officiel-david-bonnet-1024x683.jpg 1024w, https:\/\/la-meute.net\/wp-content\/uploads\/2024\/10\/la-meute-officiel-david-bonnet-300x200.jpg 300w, https:\/\/la-meute.net\/wp-content\/uploads\/2024\/10\/la-meute-officiel-david-bonnet-768x513.jpg 768w, https:\/\/la-meute.net\/wp-content\/uploads\/2024\/10\/la-meute-officiel-david-bonnet-1536x1025.jpg 1536w, https:\/\/la-meute.net\/wp-content\/uploads\/2024\/10\/la-meute-officiel-david-bonnet-2048x1367.jpg 2048w\" sizes=\"(max-width: 1024px) 100vw, 1024px\" \/>\t\t\t\t\t\t\t\t\t\t\t\t\t\t\t<\/div>\n\t\t\t\t<\/div>\n\t\t\t\t<section class=\"elementor-section elementor-inner-section elementor-element elementor-element-d96024a elementor-section-boxed elementor-section-height-default elementor-section-height-default\" data-id=\"d96024a\" data-element_type=\"section\" data-e-type=\"section\">\n\t\t\t\t\t\t<div class=\"elementor-container elementor-column-gap-default\">\n\t\t\t\t\t<div class=\"elementor-column elementor-col-50 elementor-inner-column elementor-element elementor-element-d58a315\" data-id=\"d58a315\" data-element_type=\"column\" data-e-type=\"column\">\n\t\t\t<div class=\"elementor-widget-wrap elementor-element-populated\">\n\t\t\t\t\t\t<div class=\"elementor-element elementor-element-d248449 elementor-widget elementor-widget-image\" data-id=\"d248449\" data-element_type=\"widget\" data-e-type=\"widget\" data-widget_type=\"image.default\">\n\t\t\t\t<div class=\"elementor-widget-container\">\n\t\t\t\t\t\t\t\t\t\t\t\t\t\t\t<img decoding=\"async\" width=\"1024\" height=\"683\" src=\"https:\/\/la-meute.net\/wp-content\/uploads\/2026\/02\/La_Meute-6-1024x683.jpg\" class=\"attachment-large size-large wp-image-1812\" alt=\"\" srcset=\"https:\/\/la-meute.net\/wp-content\/uploads\/2026\/02\/La_Meute-6-1024x683.jpg 1024w, https:\/\/la-meute.net\/wp-content\/uploads\/2026\/02\/La_Meute-6-300x200.jpg 300w, https:\/\/la-meute.net\/wp-content\/uploads\/2026\/02\/La_Meute-6-768x512.jpg 768w, https:\/\/la-meute.net\/wp-content\/uploads\/2026\/02\/La_Meute-6-1536x1024.jpg 1536w, https:\/\/la-meute.net\/wp-content\/uploads\/2026\/02\/La_Meute-6-2048x1365.jpg 2048w\" sizes=\"(max-width: 1024px) 100vw, 1024px\" \/>\t\t\t\t\t\t\t\t\t\t\t\t\t\t\t<\/div>\n\t\t\t\t<\/div>\n\t\t\t\t\t<\/div>\n\t\t<\/div>\n\t\t\t\t<div class=\"elementor-column elementor-col-50 elementor-inner-column elementor-element elementor-element-4819241\" data-id=\"4819241\" data-element_type=\"column\" data-e-type=\"column\">\n\t\t\t<div class=\"elementor-widget-wrap elementor-element-populated\">\n\t\t\t\t\t\t<div class=\"elementor-element elementor-element-8d0976a elementor-widget elementor-widget-image\" data-id=\"8d0976a\" data-element_type=\"widget\" data-e-type=\"widget\" data-widget_type=\"image.default\">\n\t\t\t\t<div class=\"elementor-widget-container\">\n\t\t\t\t\t\t\t\t\t\t\t\t\t\t\t<img decoding=\"async\" width=\"1024\" height=\"683\" src=\"https:\/\/la-meute.net\/wp-content\/uploads\/2026\/02\/La_Meute-2-1024x683.jpg\" class=\"attachment-large size-large wp-image-1807\" alt=\"\" srcset=\"https:\/\/la-meute.net\/wp-content\/uploads\/2026\/02\/La_Meute-2-1024x683.jpg 1024w, https:\/\/la-meute.net\/wp-content\/uploads\/2026\/02\/La_Meute-2-300x200.jpg 300w, https:\/\/la-meute.net\/wp-content\/uploads\/2026\/02\/La_Meute-2-768x512.jpg 768w, https:\/\/la-meute.net\/wp-content\/uploads\/2026\/02\/La_Meute-2-1536x1024.jpg 1536w, https:\/\/la-meute.net\/wp-content\/uploads\/2026\/02\/La_Meute-2-2048x1365.jpg 2048w\" sizes=\"(max-width: 1024px) 100vw, 1024px\" \/>\t\t\t\t\t\t\t\t\t\t\t\t\t\t\t<\/div>\n\t\t\t\t<\/div>\n\t\t\t\t\t<\/div>\n\t\t<\/div>\n\t\t\t\t\t<\/div>\n\t\t<\/section>\n\t\t\t\t<div class=\"elementor-element elementor-element-e5df4f4 elementor-widget elementor-widget-image\" data-id=\"e5df4f4\" data-element_type=\"widget\" data-e-type=\"widget\" data-widget_type=\"image.default\">\n\t\t\t\t<div class=\"elementor-widget-container\">\n\t\t\t\t\t\t\t\t\t\t\t\t<figure class=\"wp-caption\">\n\t\t\t\t\t\t\t\t\t\t<img decoding=\"async\" src=\"https:\/\/drive.google.com\/file\/d\/11aFW4rfD3XSJ2LyqsM38oOjaIfR_r50r\/view?usp=drive_link\" title=\"\" alt=\"\" loading=\"lazy\" \/>\t\t\t\t\t\t\t\t\t\t\t<figcaption class=\"widget-image-caption wp-caption-text\"><\/figcaption>\n\t\t\t\t\t\t\t\t\t\t<\/figure>\n\t\t\t\t\t\t\t\t\t<\/div>\n\t\t\t\t<\/div>\n\t\t\t\t\t<\/div>\n\t\t<\/div>\n\t\t\t\t\t<\/div>\n\t\t<\/section>\n\t\t\t\t<section class=\"elementor-section elementor-top-section elementor-element elementor-element-8361cb6 elementor-section-boxed elementor-section-height-default elementor-section-height-default\" data-id=\"8361cb6\" data-element_type=\"section\" data-e-type=\"section\">\n\t\t\t\t\t\t<div class=\"elementor-container elementor-column-gap-default\">\n\t\t\t\t\t<div class=\"elementor-column elementor-col-100 elementor-top-column elementor-element elementor-element-1fc7acd\" data-id=\"1fc7acd\" data-element_type=\"column\" data-e-type=\"column\">\n\t\t\t<div class=\"elementor-widget-wrap elementor-element-populated\">\n\t\t\t\t\t\t<div class=\"elementor-element elementor-element-10036fc elementor-widget__width-initial elementor-widget elementor-widget-html\" data-id=\"10036fc\" data-element_type=\"widget\" data-e-type=\"widget\" data-widget_type=\"html.default\">\n\t\t\t\t<div class=\"elementor-widget-container\">\n\t\t\t\t\t<iframe style=\"border: 0; width: 400px; height: 406px;\" src=\"https:\/\/bandcamp.com\/EmbeddedPlayer\/album=1517108996\/size=large\/bgcol=333333\/linkcol=0f91ff\/artwork=small\/transparent=true\/\" seamless><a href=\"https:\/\/lameute.bandcamp.com\/album\/hurlons-ensemble\">Hurlons Ensemble de La Meute<\/a><\/iframe>\t\t\t\t<\/div>\n\t\t\t\t<\/div>\n\t\t\t\t\t<\/div>\n\t\t<\/div>\n\t\t\t\t\t<\/div>\n\t\t<\/section>\n\t\t\t\t<section class=\"elementor-section elementor-top-section elementor-element elementor-element-3dc60e1 elementor-section-boxed elementor-section-height-default elementor-section-height-default\" data-id=\"3dc60e1\" data-element_type=\"section\" data-e-type=\"section\">\n\t\t\t\t\t\t<div class=\"elementor-container elementor-column-gap-default\">\n\t\t\t\t\t<div class=\"elementor-column elementor-col-100 elementor-top-column elementor-element elementor-element-8daabbb\" data-id=\"8daabbb\" data-element_type=\"column\" data-e-type=\"column\">\n\t\t\t<div class=\"elementor-widget-wrap elementor-element-populated\">\n\t\t\t\t\t\t<div class=\"elementor-element elementor-element-b50dd07 elementor-widget elementor-widget-heading\" data-id=\"b50dd07\" data-element_type=\"widget\" data-e-type=\"widget\" data-widget_type=\"heading.default\">\n\t\t\t\t<div class=\"elementor-widget-container\">\n\t\t\t\t\t<h4 class=\"elementor-heading-title elementor-size-default\">Po\u00e9sie sauvage<\/h4>\t\t\t\t<\/div>\n\t\t\t\t<\/div>\n\t\t\t\t<div class=\"elementor-element elementor-element-efffe3e elementor-widget elementor-widget-text-editor\" data-id=\"efffe3e\" data-element_type=\"widget\" data-e-type=\"widget\" data-widget_type=\"text-editor.default\">\n\t\t\t\t<div class=\"elementor-widget-container\">\n\t\t\t\t\t\t\t\t\t<p class=\"font_9\"><span class=\"color_11\">La Meute a le go\u00fbt des mots. <\/span>Ils peuvent \u00eatre bruts, directs, incisifs.\u00a0<\/p><p class=\"font_9\"><span class=\"color_11\">Ils peuvent \u00eatre doux, po\u00e9tiques, lib\u00e9rateurs.<\/span><\/p><p><span class=\"color_11\">Comme un coup de poing dans un gant de velours.<\/span><\/p><p class=\"font_9\"><span class=\"color_11\">La Meute scande, slame, chante, crie, chuchote.\u00a0<\/span><\/p><p class=\"font_9\"><span class=\"color_11\">Le sens des mots, le sens du mot.<\/span><\/p>\t\t\t\t\t\t\t\t<\/div>\n\t\t\t\t<\/div>\n\t\t\t\t<div class=\"elementor-element elementor-element-eb9a9cb elementor-widget elementor-widget-image\" data-id=\"eb9a9cb\" data-element_type=\"widget\" data-e-type=\"widget\" data-widget_type=\"image.default\">\n\t\t\t\t<div class=\"elementor-widget-container\">\n\t\t\t\t\t\t\t\t\t\t\t\t\t\t\t<img loading=\"lazy\" decoding=\"async\" width=\"1024\" height=\"683\" src=\"https:\/\/la-meute.net\/wp-content\/uploads\/2026\/02\/La_Meute-3-1024x683.jpg\" class=\"attachment-large size-large wp-image-1806\" alt=\"\" srcset=\"https:\/\/la-meute.net\/wp-content\/uploads\/2026\/02\/La_Meute-3-1024x683.jpg 1024w, https:\/\/la-meute.net\/wp-content\/uploads\/2026\/02\/La_Meute-3-300x200.jpg 300w, https:\/\/la-meute.net\/wp-content\/uploads\/2026\/02\/La_Meute-3-768x512.jpg 768w, https:\/\/la-meute.net\/wp-content\/uploads\/2026\/02\/La_Meute-3-1536x1024.jpg 1536w, https:\/\/la-meute.net\/wp-content\/uploads\/2026\/02\/La_Meute-3-2048x1365.jpg 2048w\" sizes=\"(max-width: 1024px) 100vw, 1024px\" \/>\t\t\t\t\t\t\t\t\t\t\t\t\t\t\t<\/div>\n\t\t\t\t<\/div>\n\t\t\t\t<div class=\"elementor-element elementor-element-ca1cf2c elementor-widget elementor-widget-video\" data-id=\"ca1cf2c\" data-element_type=\"widget\" data-e-type=\"widget\" data-settings=\"{&quot;youtube_url&quot;:&quot;https:\\\/\\\/www.youtube.com\\\/watch?v=qzBAl0s8C24&quot;,&quot;video_type&quot;:&quot;youtube&quot;,&quot;controls&quot;:&quot;yes&quot;}\" data-widget_type=\"video.default\">\n\t\t\t\t<div class=\"elementor-widget-container\">\n\t\t\t\t\t\t\t<div class=\"elementor-wrapper elementor-open-inline\">\n\t\t\t<div class=\"elementor-video\"><\/div>\t\t<\/div>\n\t\t\t\t\t\t<\/div>\n\t\t\t\t<\/div>\n\t\t\t\t<div class=\"elementor-element elementor-element-2250682 elementor-widget elementor-widget-video\" data-id=\"2250682\" data-element_type=\"widget\" data-e-type=\"widget\" data-settings=\"{&quot;youtube_url&quot;:&quot;https:\\\/\\\/www.youtube.com\\\/watch?v=mgyOvEQOlNQ&quot;,&quot;video_type&quot;:&quot;youtube&quot;,&quot;controls&quot;:&quot;yes&quot;}\" data-widget_type=\"video.default\">\n\t\t\t\t<div class=\"elementor-widget-container\">\n\t\t\t\t\t\t\t<div class=\"elementor-wrapper elementor-open-inline\">\n\t\t\t<div class=\"elementor-video\"><\/div>\t\t<\/div>\n\t\t\t\t\t\t<\/div>\n\t\t\t\t<\/div>\n\t\t\t\t\t<\/div>\n\t\t<\/div>\n\t\t\t\t\t<\/div>\n\t\t<\/section>\n\t\t\t\t<section class=\"elementor-section elementor-top-section elementor-element elementor-element-e5a3ad1 elementor-section-boxed elementor-section-height-default elementor-section-height-default\" data-id=\"e5a3ad1\" data-element_type=\"section\" data-e-type=\"section\">\n\t\t\t\t\t\t<div class=\"elementor-container elementor-column-gap-default\">\n\t\t\t\t\t<div class=\"elementor-column elementor-col-100 elementor-top-column elementor-element elementor-element-87c6b26\" data-id=\"87c6b26\" data-element_type=\"column\" data-e-type=\"column\">\n\t\t\t<div class=\"elementor-widget-wrap elementor-element-populated\">\n\t\t\t\t\t\t<div class=\"elementor-element elementor-element-c6ccf7e elementor-widget elementor-widget-text-editor\" data-id=\"c6ccf7e\" data-element_type=\"widget\" data-e-type=\"widget\" data-widget_type=\"text-editor.default\">\n\t\t\t\t<div class=\"elementor-widget-container\">\n\t\t\t\t\t\t\t\t\t<p style=\"text-align: center;\">Depuis Janvier 2023, La Meute collabore avec Label Folie, en booking et production.<\/p><p style=\"text-align: center;\">Pour se rendre sur leur page, <a href=\"https:\/\/www.labelfolie.com\/la-meute.html\"><span style=\"text-decoration: underline;\">cliquez ici<\/span><\/a><\/p>\t\t\t\t\t\t\t\t<\/div>\n\t\t\t\t<\/div>\n\t\t\t\t<div class=\"elementor-element elementor-element-25d8bd1 elementor-widget elementor-widget-image\" data-id=\"25d8bd1\" data-element_type=\"widget\" data-e-type=\"widget\" data-widget_type=\"image.default\">\n\t\t\t\t<div class=\"elementor-widget-container\">\n\t\t\t\t\t\t\t\t\t\t\t\t\t\t\t<img loading=\"lazy\" decoding=\"async\" width=\"300\" height=\"64\" src=\"https:\/\/la-meute.net\/wp-content\/uploads\/2025\/06\/Capture-decran-2025-06-27-a-12.30.19-300x64.png\" class=\"attachment-medium size-medium wp-image-1699\" alt=\"\" srcset=\"https:\/\/la-meute.net\/wp-content\/uploads\/2025\/06\/Capture-decran-2025-06-27-a-12.30.19-300x64.png 300w, https:\/\/la-meute.net\/wp-content\/uploads\/2025\/06\/Capture-decran-2025-06-27-a-12.30.19-768x165.png 768w, https:\/\/la-meute.net\/wp-content\/uploads\/2025\/06\/Capture-decran-2025-06-27-a-12.30.19.png 783w\" sizes=\"(max-width: 300px) 100vw, 300px\" \/>\t\t\t\t\t\t\t\t\t\t\t\t\t\t\t<\/div>\n\t\t\t\t<\/div>\n\t\t\t\t<div class=\"elementor-element elementor-element-f583738 elementor-widget elementor-widget-text-editor\" data-id=\"f583738\" data-element_type=\"widget\" data-e-type=\"widget\" data-widget_type=\"text-editor.default\">\n\t\t\t\t<div class=\"elementor-widget-container\">\n\t\t\t\t\t\t\t\t\t<p>En 2024, le groupe est laur\u00e9at de la M\u00e9daille d&rsquo;or de la chanson de Saignel\u00e9gier (prix du public et du jury), et fait quelques tr\u00e8s belles sc\u00e8nes comme le Festival Sur le Champ ou bien la premi\u00e8re partie de Mlle K. Elles sont alors rep\u00e9r\u00e9es par le label d\u00e9fricheur de talents ind\u00e9s : La Souterraine, avec qui elles signent une premi\u00e8re collaboration sur la compilation \u00ab\u00a0Ouf &#8211; L&rsquo;anthologie souterraine Vol II\u00a0\u00bb, actuellement en diffusion sur <a href=\"https:\/\/www.radiofrance.fr\/fip\/ouf-les-fruits-du-defrichage-exemplaire-de-la-souterraine-9103374\"><strong>FIP<\/strong><\/a>. En 2025, le groupe sort son nouvel album \u00ab\u00a0Hurlons Ensemble\u00a0\u00bb (Inouie Distribution), dont le titre \u00ab\u00a0Falaise\u00a0\u00bb est dans la playlist des <a href=\"https:\/\/www.liberation.fr\/culture\/musique\/the-molotovs-the-horrors-miel-de-montagne-la-meute-la-playlist-du-cahier-musique-de-liberation-20250103_JTVDNQC7M5E25D3WITKHYMHZQY\/\"><strong>Cahiers Musique de Lib\u00e9ration<\/strong><\/a>.<\/p><p style=\"margin:10px 0px;line-height:18px;text-align:justify\"><span style=\"font-family:Arial,sans-serif;font-size:14px\">Depuis\n 2024, le Quartet propose une formule sc\u00e9nique originale avec deux \nchanteuses en alternance: retrouvez ci-dessous des vid\u00e9os avec&nbsp;<b>Roxane Perrin<\/b>&nbsp;(Falaise) et&nbsp;<b>Natacha Jomain<\/b>&nbsp;(Il se pourrait)<\/span><\/p><p style=\"margin:10px 0px;line-height:18px;text-align:justify\"><span style=\"font-family:Arial,sans-serif;font-size:14px\">En 2025, le groupe sort son nouvel album&nbsp;<b>\u00ab\u00a0Hurlons Ensemble\u00a0\u00bb<\/b>&nbsp;(Inouie Distribution), salu\u00e9 par la presse (FIP, Lib\u00e9ration, France Culture&#8230;)<\/span><\/p><p style=\"margin:10px 0px;line-height:18px;text-align:justify\"><span style=\"font-family:Arial,sans-serif;font-size:14px\">C\u00f4t\u00e9 sc\u00e8ne, La Meute d\u00e9croche le&nbsp;<b>1er Prix du<\/b>&nbsp;<\/span><a href=\"http:\/\/l0zj.mj.am\/lnk\/BAAACDArN7kAAAAAAAAAAQL5oYcAAKdvNx0AAAAAAAIYGQBpg3ANa2I-h4biR-avWHT4TlJtIwACAXA\/5\/MdFa03sbIPrORm27oZEfqg\/aHR0cHM6Ly93d3cudGhlYXRyZS1lZHdpZ2UtZmV1aWxsZXJlLmZyL2NvbmNvdXJzLWpldW5lcy10YWxlbnRzLw\" style=\"color:inherit;text-decoration-line:none\" target=\"_blank\" data-saferedirecturl=\"https:\/\/www.google.com\/url?q=http:\/\/l0zj.mj.am\/lnk\/BAAACDArN7kAAAAAAAAAAQL5oYcAAKdvNx0AAAAAAAIYGQBpg3ANa2I-h4biR-avWHT4TlJtIwACAXA\/5\/MdFa03sbIPrORm27oZEfqg\/aHR0cHM6Ly93d3cudGhlYXRyZS1lZHdpZ2UtZmV1aWxsZXJlLmZyL2NvbmNvdXJzLWpldW5lcy10YWxlbnRzLw&amp;source=gmail&amp;ust=1770387494935000&amp;usg=AOvVaw3nkpuFuydXxlBI2pXpKstP\"><span style=\"font-family:Arial,sans-serif;font-size:14px\"><b><u>Concours Jacques Brel de Vesoul,&nbsp;<\/u><\/b>ainsi que le&nbsp;<b>Prix du public<\/b>, et attaque sa tourn\u00e9e de promotion de l&rsquo;album<b>&nbsp;<\/b>un &nbsp;peu partout en France et en Suisse.<b>&nbsp;<\/b><\/span><\/a><\/p><p><br><\/p>\t\t\t\t\t\t\t\t<\/div>\n\t\t\t\t<\/div>\n\t\t\t\t\t<\/div>\n\t\t<\/div>\n\t\t\t\t\t<\/div>\n\t\t<\/section>\n\t\t\t\t<section class=\"elementor-section elementor-top-section elementor-element elementor-element-00b7bf9 elementor-section-full_width elementor-section-height-default elementor-section-height-default\" data-id=\"00b7bf9\" data-element_type=\"section\" data-e-type=\"section\">\n\t\t\t\t\t\t<div class=\"elementor-container elementor-column-gap-wider\">\n\t\t\t\t\t<div class=\"elementor-column elementor-col-100 elementor-top-column elementor-element elementor-element-dde50ba\" data-id=\"dde50ba\" data-element_type=\"column\" data-e-type=\"column\">\n\t\t\t<div class=\"elementor-widget-wrap elementor-element-populated\">\n\t\t\t\t\t\t<div class=\"elementor-element elementor-element-0e6bd87 elementor-widget elementor-widget-heading\" data-id=\"0e6bd87\" data-element_type=\"widget\" data-e-type=\"widget\" data-widget_type=\"heading.default\">\n\t\t\t\t<div class=\"elementor-widget-container\">\n\t\t\t\t\t<h2 class=\"elementor-heading-title elementor-size-default\">LIVE<\/h2>\t\t\t\t<\/div>\n\t\t\t\t<\/div>\n\t\t\t\t<div class=\"elementor-element elementor-element-d07a064 elementor-widget elementor-widget-video\" data-id=\"d07a064\" data-element_type=\"widget\" data-e-type=\"widget\" data-settings=\"{&quot;youtube_url&quot;:&quot;https:\\\/\\\/www.youtube.com\\\/watch?v=jQ_u05M6Mis&quot;,&quot;video_type&quot;:&quot;youtube&quot;,&quot;controls&quot;:&quot;yes&quot;}\" data-widget_type=\"video.default\">\n\t\t\t\t<div class=\"elementor-widget-container\">\n\t\t\t\t\t\t\t<div class=\"elementor-wrapper elementor-open-inline\">\n\t\t\t<div class=\"elementor-video\"><\/div>\t\t<\/div>\n\t\t\t\t\t\t<\/div>\n\t\t\t\t<\/div>\n\t\t\t\t<div class=\"elementor-element elementor-element-2550f69 elementor-widget elementor-widget-video\" data-id=\"2550f69\" data-element_type=\"widget\" data-e-type=\"widget\" data-settings=\"{&quot;youtube_url&quot;:&quot;https:\\\/\\\/youtu.be\\\/B--2KSrBvHE?si=QUBVdRpnWniRWe-O&quot;,&quot;video_type&quot;:&quot;youtube&quot;,&quot;controls&quot;:&quot;yes&quot;}\" data-widget_type=\"video.default\">\n\t\t\t\t<div class=\"elementor-widget-container\">\n\t\t\t\t\t\t\t<div class=\"elementor-wrapper elementor-open-inline\">\n\t\t\t<div class=\"elementor-video\"><\/div>\t\t<\/div>\n\t\t\t\t\t\t<\/div>\n\t\t\t\t<\/div>\n\t\t\t\t\t<\/div>\n\t\t<\/div>\n\t\t\t\t\t<\/div>\n\t\t<\/section>\n\t\t\t\t<section class=\"elementor-section elementor-top-section elementor-element elementor-element-191ea9c elementor-section-boxed elementor-section-height-default elementor-section-height-default\" data-id=\"191ea9c\" data-element_type=\"section\" data-e-type=\"section\">\n\t\t\t\t\t\t<div class=\"elementor-container elementor-column-gap-default\">\n\t\t\t\t\t<div class=\"elementor-column elementor-col-100 elementor-top-column elementor-element elementor-element-fd94c0f\" data-id=\"fd94c0f\" data-element_type=\"column\" data-e-type=\"column\">\n\t\t\t<div class=\"elementor-widget-wrap elementor-element-populated\">\n\t\t\t\t\t\t<div class=\"elementor-element elementor-element-7911f31 elementor-widget elementor-widget-heading\" data-id=\"7911f31\" data-element_type=\"widget\" data-e-type=\"widget\" data-widget_type=\"heading.default\">\n\t\t\t\t<div class=\"elementor-widget-container\">\n\t\t\t\t\t<h4 class=\"elementor-heading-title elementor-size-medium\"><a href=\"https:\/\/la-meute.net\/index.php\/newsletter\/\">Pour nous suivre, <br>abonnez-vous \u00e0 la newsletter !<\/a><\/h4>\t\t\t\t<\/div>\n\t\t\t\t<\/div>\n\t\t\t\t<div class=\"elementor-element elementor-element-4f92ec0 elementor-align-center elementor-widget elementor-widget-button\" data-id=\"4f92ec0\" data-element_type=\"widget\" data-e-type=\"widget\" data-widget_type=\"button.default\">\n\t\t\t\t<div class=\"elementor-widget-container\">\n\t\t\t\t\t\t\t\t\t<div class=\"elementor-button-wrapper\">\n\t\t\t\t\t<a class=\"elementor-button elementor-button-link elementor-size-sm\" href=\"https:\/\/la-meute.net\/index.php\/newsletter\/\">\n\t\t\t\t\t\t<span class=\"elementor-button-content-wrapper\">\n\t\t\t\t\t\t\t\t\t<span class=\"elementor-button-text\">Cliquez ici<\/span>\n\t\t\t\t\t<\/span>\n\t\t\t\t\t<\/a>\n\t\t\t\t<\/div>\n\t\t\t\t\t\t\t\t<\/div>\n\t\t\t\t<\/div>\n\t\t\t\t\t<\/div>\n\t\t<\/div>\n\t\t\t\t\t<\/div>\n\t\t<\/section>\n\t\t\t\t<section class=\"elementor-section elementor-top-section elementor-element elementor-element-30e1fea elementor-section-boxed elementor-section-height-default elementor-section-height-default\" data-id=\"30e1fea\" data-element_type=\"section\" data-e-type=\"section\">\n\t\t\t\t\t\t<div class=\"elementor-container elementor-column-gap-default\">\n\t\t\t\t\t<div class=\"elementor-column elementor-col-100 elementor-top-column elementor-element elementor-element-773e6f1\" data-id=\"773e6f1\" data-element_type=\"column\" data-e-type=\"column\">\n\t\t\t<div class=\"elementor-widget-wrap\">\n\t\t\t\t\t\t\t<\/div>\n\t\t<\/div>\n\t\t\t\t\t<\/div>\n\t\t<\/section>\n\t\t\t\t<\/div>\n\t\t","protected":false},"excerpt":{"rendered":"<p>Hurlons Ensemble de La Meute Po\u00e9sie sauvage La Meute a le go\u00fbt des mots. Ils peuvent \u00eatre bruts, directs, incisifs.\u00a0 Ils peuvent \u00eatre doux, po\u00e9tiques, lib\u00e9rateurs. Comme un coup de poing dans un gant de velours. La Meute scande, slame, chante, crie, chuchote.\u00a0 Le sens des mots, le sens du mot. https:\/\/www.youtube.com\/watch?v=qzBAl0s8C24https:\/\/www.youtube.com\/watch?v=mgyOvEQOlNQ Depuis Janvier 2023, [&hellip;]<\/p>\n","protected":false},"author":2,"featured_media":0,"parent":0,"menu_order":0,"comment_status":"closed","ping_status":"closed","template":"","meta":{"ocean_post_layout":"","ocean_both_sidebars_style":"","ocean_both_sidebars_content_width":0,"ocean_both_sidebars_sidebars_width":0,"ocean_sidebar":"0","ocean_second_sidebar":"0","ocean_disable_margins":"enable","ocean_add_body_class":"","ocean_shortcode_before_top_bar":"","ocean_shortcode_after_top_bar":"","ocean_shortcode_before_header":"","ocean_shortcode_after_header":"","ocean_has_shortcode":"","ocean_shortcode_after_title":"","ocean_shortcode_before_footer_widgets":"","ocean_shortcode_after_footer_widgets":"","ocean_shortcode_before_footer_bottom":"","ocean_shortcode_after_footer_bottom":"","ocean_display_top_bar":"default","ocean_display_header":"default","ocean_header_style":"","ocean_center_header_left_menu":"0","ocean_custom_header_template":"0","ocean_custom_logo":0,"ocean_custom_retina_logo":0,"ocean_custom_logo_max_width":0,"ocean_custom_logo_tablet_max_width":0,"ocean_custom_logo_mobile_max_width":0,"ocean_custom_logo_max_height":0,"ocean_custom_logo_tablet_max_height":0,"ocean_custom_logo_mobile_max_height":0,"ocean_header_custom_menu":"0","ocean_menu_typo_font_family":"0","ocean_menu_typo_font_subset":"","ocean_menu_typo_font_size":0,"ocean_menu_typo_font_size_tablet":0,"ocean_menu_typo_font_size_mobile":0,"ocean_menu_typo_font_size_unit":"px","ocean_menu_typo_font_weight":"","ocean_menu_typo_font_weight_tablet":"","ocean_menu_typo_font_weight_mobile":"","ocean_menu_typo_transform":"","ocean_menu_typo_transform_tablet":"","ocean_menu_typo_transform_mobile":"","ocean_menu_typo_line_height":0,"ocean_menu_typo_line_height_tablet":0,"ocean_menu_typo_line_height_mobile":0,"ocean_menu_typo_line_height_unit":"","ocean_menu_typo_spacing":0,"ocean_menu_typo_spacing_tablet":0,"ocean_menu_typo_spacing_mobile":0,"ocean_menu_typo_spacing_unit":"","ocean_menu_link_color":"","ocean_menu_link_color_hover":"","ocean_menu_link_color_active":"","ocean_menu_link_background":"","ocean_menu_link_hover_background":"","ocean_menu_link_active_background":"","ocean_menu_social_links_bg":"","ocean_menu_social_hover_links_bg":"","ocean_menu_social_links_color":"","ocean_menu_social_hover_links_color":"","ocean_disable_title":"default","ocean_disable_heading":"default","ocean_post_title":"","ocean_post_subheading":"","ocean_post_title_style":"","ocean_post_title_background_color":"","ocean_post_title_background":0,"ocean_post_title_bg_image_position":"","ocean_post_title_bg_image_attachment":"","ocean_post_title_bg_image_repeat":"","ocean_post_title_bg_image_size":"","ocean_post_title_height":0,"ocean_post_title_bg_overlay":0.5,"ocean_post_title_bg_overlay_color":"","ocean_disable_breadcrumbs":"default","ocean_breadcrumbs_color":"","ocean_breadcrumbs_separator_color":"","ocean_breadcrumbs_links_color":"","ocean_breadcrumbs_links_hover_color":"","ocean_display_footer_widgets":"default","ocean_display_footer_bottom":"default","ocean_custom_footer_template":"0","footnotes":""},"class_list":["post-11","page","type-page","status-publish","hentry","entry"],"jetpack_sharing_enabled":true,"_links":{"self":[{"href":"https:\/\/la-meute.net\/index.php\/wp-json\/wp\/v2\/pages\/11","targetHints":{"allow":["GET"]}}],"collection":[{"href":"https:\/\/la-meute.net\/index.php\/wp-json\/wp\/v2\/pages"}],"about":[{"href":"https:\/\/la-meute.net\/index.php\/wp-json\/wp\/v2\/types\/page"}],"author":[{"embeddable":true,"href":"https:\/\/la-meute.net\/index.php\/wp-json\/wp\/v2\/users\/2"}],"replies":[{"embeddable":true,"href":"https:\/\/la-meute.net\/index.php\/wp-json\/wp\/v2\/comments?post=11"}],"version-history":[{"count":248,"href":"https:\/\/la-meute.net\/index.php\/wp-json\/wp\/v2\/pages\/11\/revisions"}],"predecessor-version":[{"id":1861,"href":"https:\/\/la-meute.net\/index.php\/wp-json\/wp\/v2\/pages\/11\/revisions\/1861"}],"wp:attachment":[{"href":"https:\/\/la-meute.net\/index.php\/wp-json\/wp\/v2\/media?parent=11"}],"curies":[{"name":"wp","href":"https:\/\/api.w.org\/{rel}","templated":true}]}}